{"id":786,"date":"2015-05-12T11:45:30","date_gmt":"2015-05-12T10:45:30","guid":{"rendered":"http:\/\/www.orfevrerie.ch\/?page_id=786"},"modified":"2015-05-14T16:56:07","modified_gmt":"2015-05-14T15:56:07","slug":"home","status":"publish","type":"page","link":"https:\/\/www.orfevrerie.ch\/de\/","title":{"rendered":"HOME"},"content":{"rendered":"<div class=\"flexslider\"><ul class=\"slides\"><li class=\"slide \"><div class=\"image\"><img src=\"http:\/\/www.orfevrerie.ch\/site\/wp-content\/uploads\/2013\/03\/service-a-the-restaure.jpg\" alt=\"\" \/><\/div><div class=\"text left_top\"><span class=\"toplabel\">Restaurierung eines Teeservice<\/span><p><\/p><\/div><\/li><\/ul><\/div>\n<h1 style=\"text-align: center;\">Emmanuel Vedrenne, Silberschmied in Genf<br \/>\nRestaurierung von Silber und Polieren von Uhren<\/h1>\n<div style=\"margin-top:10pxpx;margin-bottom:10pxpx;background-color: #ACACAC;height:1px;\" class=\"separator\"><\/div>\n<div class=\"slider_small type1 hide_arrows\"><div class=\"slide_counter\"><span class=\"slide_counter_val\">3<\/span> \/ <span class=\"slide_counter_total_val\">3<\/span><\/div><div class=\"slider_small_holder\"><div class=\"slider_small_holder_inner\"><ul class=\"slider\"><li><div class=\"slide_item\"><div class=\"image\"><img src=\"http:\/\/www.orfevrerie.ch\/site\/wp-content\/uploads\/2013\/04\/reparation-orfevrerie-2-300x170.jpg\" alt=\"Restaurierung und Reparatur\" \/><\/div><h5>Restaurierung und Reparatur<\/h5><hr\/><p>Breites Dienstleistungsangebot f\u00fcr die Reparatur von Silber: vom Polieren, um den Glanz des Silbers wiederherzustellen, bis hin zur Restaurierung mit Hilfe einer neuen Silberbeschichtung.<\/p><a class=\"button tiny\" href=\"http:\/\/www.orfevrerie.ch\/services\/restauration-reparation\" target=\"_blank\" >Mehr...<\/a><a href='http:\/\/www.orfevrerie.ch\/services\/restauration-reparation' class='fake_link'>&nbsp;<\/a><\/div><\/li><li><div class=\"slide_item\"><div class=\"image\"><img src=\"http:\/\/www.orfevrerie.ch\/site\/wp-content\/uploads\/2013\/04\/polissage-horlogerie.jpg\" alt=\"Polieren von Uhren\" \/><\/div><h5>Polieren von Uhren<\/h5><hr\/><p>Polieren von Uhrenteilen. Vorbereitung, Realisierung und Endkontrolle. Wahrung der geforderten Qualit\u00e4t bekannter Uhrmacher.<\/p><a class=\"button tiny\" href=\"http:\/\/www.orfevrerie.ch\/services\/polissage\/\" target=\"_blank\" >Mehr...<\/a><a href='http:\/\/www.orfevrerie.ch\/services\/polissage\/' class='fake_link'>&nbsp;<\/a><\/div><\/li><li><div class=\"slide_item\"><div class=\"image\"><img src=\"http:\/\/www.orfevrerie.ch\/site\/wp-content\/uploads\/2013\/04\/expertise-orfevrerie.jpg\" alt=\"Gutachten und Verkauf\" \/><\/div><h5>Gutachten und Verkauf<\/h5><hr\/><p>Gutachten und Identifizierung von Silberst\u00fccken. Verkauf neuer Silberst\u00fccke aus silberbeschichteten Metallen (Bestecke, Tabletts, Metallgl\u00e4ser, ...).<\/p><a class=\"button tiny\" href=\"http:\/\/www.orfevrerie.ch\/services\/expertise-et-vente\/\" target=\"_blank\" >Mehr...<\/a><a href='http:\/\/www.orfevrerie.ch\/services\/expertise-et-vente\/' class='fake_link'>&nbsp;<\/a><\/div><\/li><\/ul><\/div><\/div><\/div>\n<p>&nbsp;<\/p>\n","protected":false},"excerpt":{"rendered":"<p>Emmanuel Vedrenne, Silberschmied in Genf Restaurierung von Silber und Polieren von Uhren &nbsp;<\/p>\n","protected":false},"author":2,"featured_media":0,"parent":0,"menu_order":1,"comment_status":"open","ping_status":"closed","template":"","meta":[],"yoast_head":"<!-- This site is optimized with the Yoast SEO plugin v15.9.2 - https:\/\/yoast.com\/wordpress\/plugins\/seo\/ -->\n<title>HOME - Vedrenne Orf\u00e8vrerie<\/title>\n<meta name=\"robots\" content=\"index, follow, max-snippet:-1, max-image-preview:large, max-video-preview:-1\" \/>\n<link rel=\"canonical\" href=\"https:\/\/www.orfevrerie.ch\/de\/\" \/>\n<meta property=\"og:locale\" content=\"de_DE\" \/>\n<meta property=\"og:type\" content=\"article\" \/>\n<meta property=\"og:title\" content=\"HOME - Vedrenne Orf\u00e8vrerie\" \/>\n<meta property=\"og:description\" content=\"Emmanuel Vedrenne, Silberschmied in Genf Restaurierung von Silber und Polieren von Uhren &nbsp;\" \/>\n<meta property=\"og:url\" content=\"https:\/\/www.orfevrerie.ch\/de\/\" \/>\n<meta property=\"og:site_name\" content=\"Vedrenne Orf\u00e8vrerie\" \/>\n<meta property=\"article:modified_time\" content=\"2015-05-14T15:56:07+00:00\" \/>\n<script type=\"application\/ld+json\" class=\"yoast-schema-graph\">{\"@context\":\"https:\/\/schema.org\",\"@graph\":[{\"@type\":\"WebSite\",\"@id\":\"https:\/\/www.orfevrerie.ch\/#website\",\"url\":\"https:\/\/www.orfevrerie.ch\/\",\"name\":\"Vedrenne Orf\\u00e8vrerie\",\"description\":\"Artisan orf\\u00e8vre \\u00e0 Gen\\u00e8ve\",\"potentialAction\":[{\"@type\":\"SearchAction\",\"target\":\"https:\/\/www.orfevrerie.ch\/?s={search_term_string}\",\"query-input\":\"required name=search_term_string\"}],\"inLanguage\":\"de-DE\"},{\"@type\":\"WebPage\",\"@id\":\"https:\/\/www.orfevrerie.ch\/de\/#webpage\",\"url\":\"https:\/\/www.orfevrerie.ch\/de\/\",\"name\":\"HOME - Vedrenne Orf\\u00e8vrerie\",\"isPartOf\":{\"@id\":\"https:\/\/www.orfevrerie.ch\/#website\"},\"datePublished\":\"2015-05-12T10:45:30+00:00\",\"dateModified\":\"2015-05-14T15:56:07+00:00\",\"breadcrumb\":{\"@id\":\"https:\/\/www.orfevrerie.ch\/de\/#breadcrumb\"},\"inLanguage\":\"de-DE\",\"potentialAction\":[{\"@type\":\"ReadAction\",\"target\":[\"https:\/\/www.orfevrerie.ch\/de\/\"]}]},{\"@type\":\"BreadcrumbList\",\"@id\":\"https:\/\/www.orfevrerie.ch\/de\/#breadcrumb\",\"itemListElement\":[{\"@type\":\"ListItem\",\"position\":1,\"item\":{\"@type\":\"WebPage\",\"@id\":\"https:\/\/www.orfevrerie.ch\/de\/\",\"url\":\"https:\/\/www.orfevrerie.ch\/de\/\",\"name\":\"Home\"}},{\"@type\":\"ListItem\",\"position\":2,\"item\":{\"@type\":\"WebPage\",\"@id\":\"https:\/\/www.orfevrerie.ch\/de\/\",\"url\":\"https:\/\/www.orfevrerie.ch\/de\/\",\"name\":\"HOME\"}}]}]}<\/script>\n<!-- \/ Yoast SEO plugin. -->","_links":{"self":[{"href":"https:\/\/www.orfevrerie.ch\/de\/wp-json\/wp\/v2\/pages\/786"}],"collection":[{"href":"https:\/\/www.orfevrerie.ch\/de\/wp-json\/wp\/v2\/pages"}],"about":[{"href":"https:\/\/www.orfevrerie.ch\/de\/wp-json\/wp\/v2\/types\/page"}],"author":[{"embeddable":true,"href":"https:\/\/www.orfevrerie.ch\/de\/wp-json\/wp\/v2\/users\/2"}],"replies":[{"embeddable":true,"href":"https:\/\/www.orfevrerie.ch\/de\/wp-json\/wp\/v2\/comments?post=786"}],"version-history":[{"count":4,"href":"https:\/\/www.orfevrerie.ch\/de\/wp-json\/wp\/v2\/pages\/786\/revisions"}],"predecessor-version":[{"id":861,"href":"https:\/\/www.orfevrerie.ch\/de\/wp-json\/wp\/v2\/pages\/786\/revisions\/861"}],"wp:attachment":[{"href":"https:\/\/www.orfevrerie.ch\/de\/wp-json\/wp\/v2\/media?parent=786"}],"curies":[{"name":"wp","href":"https:\/\/api.w.org\/{rel}","templated":true}]}}