{"id":814,"date":"2015-05-12T16:50:46","date_gmt":"2015-05-12T15:50:46","guid":{"rendered":"http:\/\/www.orfevrerie.ch\/?page_id=814"},"modified":"2015-05-14T16:39:24","modified_gmt":"2015-05-14T15:39:24","slug":"restaurierung-und-reparatur","status":"publish","type":"page","link":"https:\/\/www.orfevrerie.ch\/de\/leistungen\/restaurierung-und-reparatur\/","title":{"rendered":"Restaurierung und Reparatur"},"content":{"rendered":"<p><img loading=\"lazy\" class=\"alignright wp-image-719 size-medium\" src=\"http:\/\/www.orfevrerie.ch\/site\/wp-content\/uploads\/2013\/04\/reparation-orfevrerie-2-300x170.jpg\" alt=\"Restaurierung und Reparatur\" width=\"300\" height=\"170\" srcset=\"https:\/\/www.orfevrerie.ch\/site\/wp-content\/uploads\/2013\/04\/reparation-orfevrerie-2-300x170.jpg 300w, https:\/\/www.orfevrerie.ch\/site\/wp-content\/uploads\/2013\/04\/reparation-orfevrerie-2-196x111.jpg 196w, https:\/\/www.orfevrerie.ch\/site\/wp-content\/uploads\/2013\/04\/reparation-orfevrerie-2-218x124.jpg 218w, https:\/\/www.orfevrerie.ch\/site\/wp-content\/uploads\/2013\/04\/reparation-orfevrerie-2-304x172.jpg 304w, https:\/\/www.orfevrerie.ch\/site\/wp-content\/uploads\/2013\/04\/reparation-orfevrerie-2-338x191.jpg 338w, https:\/\/www.orfevrerie.ch\/site\/wp-content\/uploads\/2013\/04\/reparation-orfevrerie-2.jpg 446w\" sizes=\"(max-width: 300px) 100vw, 300px\" \/><span class='dropcap square'>w<\/span>ir bieten ein breites Angebot an Dienstleistungen f\u00fcr die Reparatur von alten und modernen Silberst\u00fccken.<\/p>\n<p>Es reicht vom Polieren, um den Glanz des Silbers wiederherzustellen, bis hin zur Restaurierung mit<br \/>\nHilfe einer neuen Silberbeschichtung. Wir sind bestrebt, all ihre W\u00fcnsche umzusetzen. Wir gl\u00e4tten<br \/>\nund schwei\u00dfen besch\u00e4digte Teile, wir wechseln gebrauchte Klingen aus, etc.<\/p>\n<p>Je nach Wunsch erneuern oder erhalten wir auf dem Silber die Spuren der Zeit.<\/p>\n<p>&nbsp;<\/p>\n<a href=\"http:\/\/www.orfevrerie.ch\/contact\/\" target=\"_self\" class=\"button medium\" style=\"color: #FFF; background-color: #DAA520; font-size: 14pxpx; line-height: 20pxpx; font-style: normal; font-weight: 400; \">Kontakt aufnehmen<\/a>\n","protected":false},"excerpt":{"rendered":"<p>ir bieten ein breites Angebot an Dienstleistungen f\u00fcr die Reparatur von alten und modernen Silberst\u00fccken. Es reicht vom Polieren, um den Glanz des Silbers wiederherzustellen, bis hin zur Restaurierung mit Hilfe einer neuen Silberbeschichtung. Wir sind bestrebt, all ihre W\u00fcnsche umzusetzen. Wir gl\u00e4tten und schwei\u00dfen&#8230;<\/p>\n","protected":false},"author":2,"featured_media":0,"parent":810,"menu_order":1,"comment_status":"closed","ping_status":"closed","template":"","meta":[],"yoast_head":"<!-- This site is optimized with the Yoast SEO plugin v15.9.2 - https:\/\/yoast.com\/wordpress\/plugins\/seo\/ -->\n<title>Restaurierung und Reparatur - Vedrenne Orf\u00e8vrerie<\/title>\n<meta name=\"robots\" content=\"index, follow, max-snippet:-1, max-image-preview:large, max-video-preview:-1\" \/>\n<link rel=\"canonical\" href=\"https:\/\/www.orfevrerie.ch\/de\/leistungen\/restaurierung-und-reparatur\/\" \/>\n<meta property=\"og:locale\" content=\"de_DE\" \/>\n<meta property=\"og:type\" content=\"article\" \/>\n<meta property=\"og:title\" content=\"Restaurierung und Reparatur - Vedrenne Orf\u00e8vrerie\" \/>\n<meta property=\"og:description\" content=\"ir bieten ein breites Angebot an Dienstleistungen f\u00fcr die Reparatur von alten und modernen Silberst\u00fccken. Es reicht vom Polieren, um den Glanz des Silbers wiederherzustellen, bis hin zur Restaurierung mit Hilfe einer neuen Silberbeschichtung. Wir sind bestrebt, all ihre W\u00fcnsche umzusetzen. Wir gl\u00e4tten und schwei\u00dfen...\" \/>\n<meta property=\"og:url\" content=\"https:\/\/www.orfevrerie.ch\/de\/leistungen\/restaurierung-und-reparatur\/\" \/>\n<meta property=\"og:site_name\" content=\"Vedrenne Orf\u00e8vrerie\" \/>\n<meta property=\"article:modified_time\" content=\"2015-05-14T15:39:24+00:00\" \/>\n<meta property=\"og:image\" content=\"http:\/\/www.orfevrerie.ch\/site\/wp-content\/uploads\/2013\/04\/reparation-orfevrerie-2-300x170.jpg\" \/>\n<meta name=\"twitter:label1\" content=\"Gesch\u00e4tzte Lesezeit\">\n\t<meta name=\"twitter:data1\" content=\"1 Minute\">\n<script type=\"application\/ld+json\" class=\"yoast-schema-graph\">{\"@context\":\"https:\/\/schema.org\",\"@graph\":[{\"@type\":\"WebSite\",\"@id\":\"https:\/\/www.orfevrerie.ch\/#website\",\"url\":\"https:\/\/www.orfevrerie.ch\/\",\"name\":\"Vedrenne Orf\\u00e8vrerie\",\"description\":\"Artisan orf\\u00e8vre \\u00e0 Gen\\u00e8ve\",\"potentialAction\":[{\"@type\":\"SearchAction\",\"target\":\"https:\/\/www.orfevrerie.ch\/?s={search_term_string}\",\"query-input\":\"required name=search_term_string\"}],\"inLanguage\":\"de-DE\"},{\"@type\":\"ImageObject\",\"@id\":\"https:\/\/www.orfevrerie.ch\/de\/leistungen\/restaurierung-und-reparatur\/#primaryimage\",\"inLanguage\":\"de-DE\",\"url\":\"http:\/\/www.orfevrerie.ch\/site\/wp-content\/uploads\/2013\/04\/reparation-orfevrerie-2-300x170.jpg\"},{\"@type\":\"WebPage\",\"@id\":\"https:\/\/www.orfevrerie.ch\/de\/leistungen\/restaurierung-und-reparatur\/#webpage\",\"url\":\"https:\/\/www.orfevrerie.ch\/de\/leistungen\/restaurierung-und-reparatur\/\",\"name\":\"Restaurierung und Reparatur - Vedrenne Orf\\u00e8vrerie\",\"isPartOf\":{\"@id\":\"https:\/\/www.orfevrerie.ch\/#website\"},\"primaryImageOfPage\":{\"@id\":\"https:\/\/www.orfevrerie.ch\/de\/leistungen\/restaurierung-und-reparatur\/#primaryimage\"},\"datePublished\":\"2015-05-12T15:50:46+00:00\",\"dateModified\":\"2015-05-14T15:39:24+00:00\",\"breadcrumb\":{\"@id\":\"https:\/\/www.orfevrerie.ch\/de\/leistungen\/restaurierung-und-reparatur\/#breadcrumb\"},\"inLanguage\":\"de-DE\",\"potentialAction\":[{\"@type\":\"ReadAction\",\"target\":[\"https:\/\/www.orfevrerie.ch\/de\/leistungen\/restaurierung-und-reparatur\/\"]}]},{\"@type\":\"BreadcrumbList\",\"@id\":\"https:\/\/www.orfevrerie.ch\/de\/leistungen\/restaurierung-und-reparatur\/#breadcrumb\",\"itemListElement\":[{\"@type\":\"ListItem\",\"position\":1,\"item\":{\"@type\":\"WebPage\",\"@id\":\"https:\/\/www.orfevrerie.ch\/de\/\",\"url\":\"https:\/\/www.orfevrerie.ch\/de\/\",\"name\":\"Home\"}},{\"@type\":\"ListItem\",\"position\":2,\"item\":{\"@type\":\"WebPage\",\"@id\":\"https:\/\/www.orfevrerie.ch\/de\/leistungen\/\",\"url\":\"https:\/\/www.orfevrerie.ch\/de\/leistungen\/\",\"name\":\"LEISTUNGEN\"}},{\"@type\":\"ListItem\",\"position\":3,\"item\":{\"@type\":\"WebPage\",\"@id\":\"https:\/\/www.orfevrerie.ch\/de\/leistungen\/restaurierung-und-reparatur\/\",\"url\":\"https:\/\/www.orfevrerie.ch\/de\/leistungen\/restaurierung-und-reparatur\/\",\"name\":\"Restaurierung und Reparatur\"}}]}]}<\/script>\n<!-- \/ Yoast SEO plugin. -->","_links":{"self":[{"href":"https:\/\/www.orfevrerie.ch\/de\/wp-json\/wp\/v2\/pages\/814"}],"collection":[{"href":"https:\/\/www.orfevrerie.ch\/de\/wp-json\/wp\/v2\/pages"}],"about":[{"href":"https:\/\/www.orfevrerie.ch\/de\/wp-json\/wp\/v2\/types\/page"}],"author":[{"embeddable":true,"href":"https:\/\/www.orfevrerie.ch\/de\/wp-json\/wp\/v2\/users\/2"}],"replies":[{"embeddable":true,"href":"https:\/\/www.orfevrerie.ch\/de\/wp-json\/wp\/v2\/comments?post=814"}],"version-history":[{"count":2,"href":"https:\/\/www.orfevrerie.ch\/de\/wp-json\/wp\/v2\/pages\/814\/revisions"}],"predecessor-version":[{"id":853,"href":"https:\/\/www.orfevrerie.ch\/de\/wp-json\/wp\/v2\/pages\/814\/revisions\/853"}],"up":[{"embeddable":true,"href":"https:\/\/www.orfevrerie.ch\/de\/wp-json\/wp\/v2\/pages\/810"}],"wp:attachment":[{"href":"https:\/\/www.orfevrerie.ch\/de\/wp-json\/wp\/v2\/media?parent=814"}],"curies":[{"name":"wp","href":"https:\/\/api.w.org\/{rel}","templated":true}]}}