{"id":825,"date":"2015-05-12T17:05:04","date_gmt":"2015-05-12T16:05:04","guid":{"rendered":"http:\/\/www.orfevrerie.ch\/?page_id=825"},"modified":"2015-05-14T16:39:46","modified_gmt":"2015-05-14T15:39:46","slug":"gutachten-und-verkauf","status":"publish","type":"page","link":"https:\/\/www.orfevrerie.ch\/de\/leistungen\/gutachten-und-verkauf\/","title":{"rendered":"Gutachten und Verkauf"},"content":{"rendered":"<p><img loading=\"lazy\" class=\"alignright size-full wp-image-593\" src=\"http:\/\/www.orfevrerie.ch\/site\/wp-content\/uploads\/2013\/04\/poin\u00e7ons-orfevrerie.jpg\" alt=\"Poin\u00e7ons d'orf\u00e8vrerie\" width=\"300\" height=\"170\" srcset=\"https:\/\/www.orfevrerie.ch\/site\/wp-content\/uploads\/2013\/04\/poin\u00e7ons-orfevrerie.jpg 300w, https:\/\/www.orfevrerie.ch\/site\/wp-content\/uploads\/2013\/04\/poin\u00e7ons-orfevrerie-196x111.jpg 196w, https:\/\/www.orfevrerie.ch\/site\/wp-content\/uploads\/2013\/04\/poin\u00e7ons-orfevrerie-218x124.jpg 218w\" sizes=\"(max-width: 300px) 100vw, 300px\" \/><\/p>\n<h2>Gutachten<\/h2>\n<span class='dropcap square'>W<\/span>\n<p>ir begutachten und identifizieren Silberst\u00fccke mit Hilfe der Indizes der europ\u00e4ischen Stichel. Damit k\u00f6nnen wir die Herkunft s\u00e4mtlicher Objekte identifizieren.<\/p>\n<h2>Verkauf<\/h2>\n<span class='dropcap square'>B<\/span>\n<p>ei der Silberschmiede Vedrenne finden Sie eine Vielfalt an Bestecke, Metallgl\u00e4ser, Tabletts aus.<\/p>\n<p>&nbsp;<\/p>\n<a href=\"http:\/\/www.orfevrerie.ch\/contact\/\" target=\"_self\" class=\"button medium\" style=\"color: #FFF; background-color: #DAA520; font-size: 14pxpx; line-height: 20pxpx; font-style: normal; font-weight: 400; \">Kontakt aufnehmen<\/a>\n","protected":false},"excerpt":{"rendered":"<p>Gutachten ir begutachten und identifizieren Silberst\u00fccke mit Hilfe der Indizes der europ\u00e4ischen Stichel. Damit k\u00f6nnen wir die Herkunft s\u00e4mtlicher Objekte identifizieren. Verkauf ei der Silberschmiede Vedrenne finden Sie eine Vielfalt an Bestecke, Metallgl\u00e4ser, Tabletts aus. &nbsp;<\/p>\n","protected":false},"author":2,"featured_media":0,"parent":810,"menu_order":5,"comment_status":"closed","ping_status":"closed","template":"","meta":[],"yoast_head":"<!-- This site is optimized with the Yoast SEO plugin v15.9.2 - https:\/\/yoast.com\/wordpress\/plugins\/seo\/ -->\n<title>Gutachten und Verkauf - Vedrenne Orf\u00e8vrerie<\/title>\n<meta name=\"robots\" content=\"index, follow, max-snippet:-1, max-image-preview:large, max-video-preview:-1\" \/>\n<link rel=\"canonical\" href=\"https:\/\/www.orfevrerie.ch\/de\/leistungen\/gutachten-und-verkauf\/\" \/>\n<meta property=\"og:locale\" content=\"de_DE\" \/>\n<meta property=\"og:type\" content=\"article\" \/>\n<meta property=\"og:title\" content=\"Gutachten und Verkauf - Vedrenne Orf\u00e8vrerie\" \/>\n<meta property=\"og:description\" content=\"Gutachten ir begutachten und identifizieren Silberst\u00fccke mit Hilfe der Indizes der europ\u00e4ischen Stichel. Damit k\u00f6nnen wir die Herkunft s\u00e4mtlicher Objekte identifizieren. Verkauf ei der Silberschmiede Vedrenne finden Sie eine Vielfalt an Bestecke, Metallgl\u00e4ser, Tabletts aus. &nbsp;\" \/>\n<meta property=\"og:url\" content=\"https:\/\/www.orfevrerie.ch\/de\/leistungen\/gutachten-und-verkauf\/\" \/>\n<meta property=\"og:site_name\" content=\"Vedrenne Orf\u00e8vrerie\" \/>\n<meta property=\"article:modified_time\" content=\"2015-05-14T15:39:46+00:00\" \/>\n<meta property=\"og:image\" content=\"http:\/\/www.orfevrerie.ch\/site\/wp-content\/uploads\/2013\/04\/poin\u00e7ons-orfevrerie.jpg\" \/>\n<script type=\"application\/ld+json\" class=\"yoast-schema-graph\">{\"@context\":\"https:\/\/schema.org\",\"@graph\":[{\"@type\":\"WebSite\",\"@id\":\"https:\/\/www.orfevrerie.ch\/#website\",\"url\":\"https:\/\/www.orfevrerie.ch\/\",\"name\":\"Vedrenne Orf\\u00e8vrerie\",\"description\":\"Artisan orf\\u00e8vre \\u00e0 Gen\\u00e8ve\",\"potentialAction\":[{\"@type\":\"SearchAction\",\"target\":\"https:\/\/www.orfevrerie.ch\/?s={search_term_string}\",\"query-input\":\"required name=search_term_string\"}],\"inLanguage\":\"de-DE\"},{\"@type\":\"ImageObject\",\"@id\":\"https:\/\/www.orfevrerie.ch\/de\/leistungen\/gutachten-und-verkauf\/#primaryimage\",\"inLanguage\":\"de-DE\",\"url\":\"http:\/\/www.orfevrerie.ch\/site\/wp-content\/uploads\/2013\/04\/poin\\u00e7ons-orfevrerie.jpg\"},{\"@type\":\"WebPage\",\"@id\":\"https:\/\/www.orfevrerie.ch\/de\/leistungen\/gutachten-und-verkauf\/#webpage\",\"url\":\"https:\/\/www.orfevrerie.ch\/de\/leistungen\/gutachten-und-verkauf\/\",\"name\":\"Gutachten und Verkauf - Vedrenne Orf\\u00e8vrerie\",\"isPartOf\":{\"@id\":\"https:\/\/www.orfevrerie.ch\/#website\"},\"primaryImageOfPage\":{\"@id\":\"https:\/\/www.orfevrerie.ch\/de\/leistungen\/gutachten-und-verkauf\/#primaryimage\"},\"datePublished\":\"2015-05-12T16:05:04+00:00\",\"dateModified\":\"2015-05-14T15:39:46+00:00\",\"breadcrumb\":{\"@id\":\"https:\/\/www.orfevrerie.ch\/de\/leistungen\/gutachten-und-verkauf\/#breadcrumb\"},\"inLanguage\":\"de-DE\",\"potentialAction\":[{\"@type\":\"ReadAction\",\"target\":[\"https:\/\/www.orfevrerie.ch\/de\/leistungen\/gutachten-und-verkauf\/\"]}]},{\"@type\":\"BreadcrumbList\",\"@id\":\"https:\/\/www.orfevrerie.ch\/de\/leistungen\/gutachten-und-verkauf\/#breadcrumb\",\"itemListElement\":[{\"@type\":\"ListItem\",\"position\":1,\"item\":{\"@type\":\"WebPage\",\"@id\":\"https:\/\/www.orfevrerie.ch\/de\/\",\"url\":\"https:\/\/www.orfevrerie.ch\/de\/\",\"name\":\"Home\"}},{\"@type\":\"ListItem\",\"position\":2,\"item\":{\"@type\":\"WebPage\",\"@id\":\"https:\/\/www.orfevrerie.ch\/de\/leistungen\/\",\"url\":\"https:\/\/www.orfevrerie.ch\/de\/leistungen\/\",\"name\":\"LEISTUNGEN\"}},{\"@type\":\"ListItem\",\"position\":3,\"item\":{\"@type\":\"WebPage\",\"@id\":\"https:\/\/www.orfevrerie.ch\/de\/leistungen\/gutachten-und-verkauf\/\",\"url\":\"https:\/\/www.orfevrerie.ch\/de\/leistungen\/gutachten-und-verkauf\/\",\"name\":\"Gutachten und Verkauf\"}}]}]}<\/script>\n<!-- \/ Yoast SEO plugin. -->","_links":{"self":[{"href":"https:\/\/www.orfevrerie.ch\/de\/wp-json\/wp\/v2\/pages\/825"}],"collection":[{"href":"https:\/\/www.orfevrerie.ch\/de\/wp-json\/wp\/v2\/pages"}],"about":[{"href":"https:\/\/www.orfevrerie.ch\/de\/wp-json\/wp\/v2\/types\/page"}],"author":[{"embeddable":true,"href":"https:\/\/www.orfevrerie.ch\/de\/wp-json\/wp\/v2\/users\/2"}],"replies":[{"embeddable":true,"href":"https:\/\/www.orfevrerie.ch\/de\/wp-json\/wp\/v2\/comments?post=825"}],"version-history":[{"count":4,"href":"https:\/\/www.orfevrerie.ch\/de\/wp-json\/wp\/v2\/pages\/825\/revisions"}],"predecessor-version":[{"id":855,"href":"https:\/\/www.orfevrerie.ch\/de\/wp-json\/wp\/v2\/pages\/825\/revisions\/855"}],"up":[{"embeddable":true,"href":"https:\/\/www.orfevrerie.ch\/de\/wp-json\/wp\/v2\/pages\/810"}],"wp:attachment":[{"href":"https:\/\/www.orfevrerie.ch\/de\/wp-json\/wp\/v2\/media?parent=825"}],"curies":[{"name":"wp","href":"https:\/\/api.w.org\/{rel}","templated":true}]}}