{"id":848,"date":"2013-04-08T09:44:15","date_gmt":"2013-04-08T08:44:15","guid":{"rendered":"http:\/\/www.orfevrerie.ch\/photos-2\/"},"modified":"2015-06-01T15:56:11","modified_gmt":"2015-06-01T14:56:11","slug":"fotos","status":"publish","type":"page","link":"https:\/\/www.orfevrerie.ch\/de\/fotos\/","title":{"rendered":"FOTOS"},"content":{"rendered":"<div id=\"avantapres\">\n<h2>Restaurierung und Reparatur<\/h2>\n<div style=\"clear: both;\">\n<div id=\"attachment_478\" style=\"width: 310px\" class=\"wp-caption alignnone\"><a href=\"http:\/\/www.orfevrerie.ch\/site\/wp-content\/uploads\/2013\/04\/Vedrenne-Orfevrerie-01.jpg\"><img aria-describedby=\"caption-attachment-478\" loading=\"lazy\" class=\"wp-image-478 size-medium\" title=\"Coupe - avant\" src=\"http:\/\/www.orfevrerie.ch\/site\/wp-content\/uploads\/2013\/04\/Vedrenne-Orfevrerie-01-300x199.jpg\" alt=\"Schale davor \" width=\"300\" height=\"199\" srcset=\"https:\/\/www.orfevrerie.ch\/site\/wp-content\/uploads\/2013\/04\/Vedrenne-Orfevrerie-01-300x199.jpg 300w, https:\/\/www.orfevrerie.ch\/site\/wp-content\/uploads\/2013\/04\/Vedrenne-Orfevrerie-01.jpg 1024w\" sizes=\"(max-width: 300px) 100vw, 300px\" \/><\/a><p id=\"caption-attachment-478\" class=\"wp-caption-text\">Schale davor<\/p><\/div>\n<div id=\"attachment_479\" style=\"width: 310px\" class=\"wp-caption alignnone\"><a href=\"http:\/\/www.orfevrerie.ch\/site\/wp-content\/uploads\/2013\/04\/Vedrenne-Orfevrerie-02.jpg\"><img aria-describedby=\"caption-attachment-479\" loading=\"lazy\" class=\"wp-image-479 size-medium\" title=\"Coupe - apr\u00e8s\" src=\"http:\/\/www.orfevrerie.ch\/site\/wp-content\/uploads\/2013\/04\/Vedrenne-Orfevrerie-02-300x199.jpg\" alt=\"Schale danach\" width=\"300\" height=\"199\" srcset=\"https:\/\/www.orfevrerie.ch\/site\/wp-content\/uploads\/2013\/04\/Vedrenne-Orfevrerie-02-300x199.jpg 300w, https:\/\/www.orfevrerie.ch\/site\/wp-content\/uploads\/2013\/04\/Vedrenne-Orfevrerie-02.jpg 1024w\" sizes=\"(max-width: 300px) 100vw, 300px\" \/><\/a><p id=\"caption-attachment-479\" class=\"wp-caption-text\">Schale danach<\/p><\/div>\n<\/div>\n<div style=\"clear: both;\">\n<div id=\"attachment_480\" style=\"width: 310px\" class=\"wp-caption alignnone\"><a href=\"http:\/\/www.orfevrerie.ch\/site\/wp-content\/uploads\/2013\/04\/Vedrenne-Orfevrerie-03.jpg\"><img aria-describedby=\"caption-attachment-480\" loading=\"lazy\" class=\"wp-image-480 size-medium\" src=\"http:\/\/www.orfevrerie.ch\/site\/wp-content\/uploads\/2013\/04\/Vedrenne-Orfevrerie-03-300x199.jpg\" alt=\"Teeservice davor\" width=\"300\" height=\"199\" srcset=\"https:\/\/www.orfevrerie.ch\/site\/wp-content\/uploads\/2013\/04\/Vedrenne-Orfevrerie-03-300x199.jpg 300w, https:\/\/www.orfevrerie.ch\/site\/wp-content\/uploads\/2013\/04\/Vedrenne-Orfevrerie-03.jpg 1024w\" sizes=\"(max-width: 300px) 100vw, 300px\" \/><\/a><p id=\"caption-attachment-480\" class=\"wp-caption-text\">Teeservice davor<\/p><\/div>\n<div id=\"attachment_481\" style=\"width: 310px\" class=\"wp-caption alignnone\"><a href=\"http:\/\/www.orfevrerie.ch\/site\/wp-content\/uploads\/2013\/04\/Vedrenne-Orfevrerie-04.jpg\"><img aria-describedby=\"caption-attachment-481\" loading=\"lazy\" class=\"wp-image-481 size-medium\" src=\"http:\/\/www.orfevrerie.ch\/site\/wp-content\/uploads\/2013\/04\/Vedrenne-Orfevrerie-04-300x199.jpg\" alt=\"Tablett davor\" width=\"300\" height=\"199\" srcset=\"https:\/\/www.orfevrerie.ch\/site\/wp-content\/uploads\/2013\/04\/Vedrenne-Orfevrerie-04-300x199.jpg 300w, https:\/\/www.orfevrerie.ch\/site\/wp-content\/uploads\/2013\/04\/Vedrenne-Orfevrerie-04.jpg 1024w\" sizes=\"(max-width: 300px) 100vw, 300px\" \/><\/a><p id=\"caption-attachment-481\" class=\"wp-caption-text\">Tablett davor<\/p><\/div>\n<\/div>\n<div style=\"clear: both;\">\n<div id=\"attachment_483\" style=\"width: 310px\" class=\"wp-caption alignnone\"><a href=\"http:\/\/www.orfevrerie.ch\/site\/wp-content\/uploads\/2013\/04\/Vedrenne-Orfevrerie-06.jpg\"><img aria-describedby=\"caption-attachment-483\" loading=\"lazy\" class=\"size-medium wp-image-483\" src=\"http:\/\/www.orfevrerie.ch\/site\/wp-content\/uploads\/2013\/04\/Vedrenne-Orfevrerie-06-300x199.jpg\" alt=\"Plateau - avant\" width=\"300\" height=\"199\" srcset=\"https:\/\/www.orfevrerie.ch\/site\/wp-content\/uploads\/2013\/04\/Vedrenne-Orfevrerie-06-300x199.jpg 300w, https:\/\/www.orfevrerie.ch\/site\/wp-content\/uploads\/2013\/04\/Vedrenne-Orfevrerie-06.jpg 1024w\" sizes=\"(max-width: 300px) 100vw, 300px\" \/><\/a><p id=\"caption-attachment-483\" class=\"wp-caption-text\">Plateau &#8211; avant<\/p><\/div>\n<div id=\"attachment_484\" style=\"width: 310px\" class=\"wp-caption alignnone\"><a href=\"http:\/\/www.orfevrerie.ch\/site\/wp-content\/uploads\/2013\/04\/Vedrenne-Orfevrerie-07.jpg\"><img aria-describedby=\"caption-attachment-484\" loading=\"lazy\" class=\"wp-image-484 size-medium\" src=\"http:\/\/www.orfevrerie.ch\/site\/wp-content\/uploads\/2013\/04\/Vedrenne-Orfevrerie-07-300x199.jpg\" alt=\"Tablett danach\" width=\"300\" height=\"199\" srcset=\"https:\/\/www.orfevrerie.ch\/site\/wp-content\/uploads\/2013\/04\/Vedrenne-Orfevrerie-07-300x199.jpg 300w, https:\/\/www.orfevrerie.ch\/site\/wp-content\/uploads\/2013\/04\/Vedrenne-Orfevrerie-07.jpg 1024w\" sizes=\"(max-width: 300px) 100vw, 300px\" \/><\/a><p id=\"caption-attachment-484\" class=\"wp-caption-text\">Tablett danach<\/p><\/div>\n<\/div>\n<div style=\"clear: both;\">\n<div id=\"attachment_485\" style=\"width: 310px\" class=\"wp-caption alignnone\"><a href=\"http:\/\/www.orfevrerie.ch\/site\/wp-content\/uploads\/2013\/04\/Vedrenne-Orfevrerie-08.jpg\"><img aria-describedby=\"caption-attachment-485\" loading=\"lazy\" class=\"wp-image-485 size-medium\" src=\"http:\/\/www.orfevrerie.ch\/site\/wp-content\/uploads\/2013\/04\/Vedrenne-Orfevrerie-08-300x199.jpg\" alt=\"L\u00f6ffel davor\" width=\"300\" height=\"199\" srcset=\"https:\/\/www.orfevrerie.ch\/site\/wp-content\/uploads\/2013\/04\/Vedrenne-Orfevrerie-08-300x199.jpg 300w, https:\/\/www.orfevrerie.ch\/site\/wp-content\/uploads\/2013\/04\/Vedrenne-Orfevrerie-08.jpg 1024w\" sizes=\"(max-width: 300px) 100vw, 300px\" \/><\/a><p id=\"caption-attachment-485\" class=\"wp-caption-text\">L\u00f6ffel davor<\/p><\/div>\n<div id=\"attachment_486\" style=\"width: 310px\" class=\"wp-caption alignnone\"><a href=\"http:\/\/www.orfevrerie.ch\/site\/wp-content\/uploads\/2013\/04\/Vedrenne-Orfevrerie-09.jpg\"><img aria-describedby=\"caption-attachment-486\" loading=\"lazy\" class=\"wp-image-486 size-medium\" src=\"http:\/\/www.orfevrerie.ch\/site\/wp-content\/uploads\/2013\/04\/Vedrenne-Orfevrerie-09-300x199.jpg\" alt=\"L\u00f6ffel danach\" width=\"300\" height=\"199\" srcset=\"https:\/\/www.orfevrerie.ch\/site\/wp-content\/uploads\/2013\/04\/Vedrenne-Orfevrerie-09-300x199.jpg 300w, https:\/\/www.orfevrerie.ch\/site\/wp-content\/uploads\/2013\/04\/Vedrenne-Orfevrerie-09.jpg 1024w\" sizes=\"(max-width: 300px) 100vw, 300px\" \/><\/a><p id=\"caption-attachment-486\" class=\"wp-caption-text\">L\u00f6ffel danach<\/p><\/div>\n<\/div>\n<div style=\"clear: both;\">\n<div id=\"attachment_487\" style=\"width: 310px\" class=\"wp-caption alignnone\"><a href=\"http:\/\/www.orfevrerie.ch\/site\/wp-content\/uploads\/2013\/04\/Vedrenne-Orfevrerie-10.jpg\"><img aria-describedby=\"caption-attachment-487\" loading=\"lazy\" class=\"wp-image-487 size-medium\" src=\"http:\/\/www.orfevrerie.ch\/site\/wp-content\/uploads\/2013\/04\/Vedrenne-Orfevrerie-10-300x199.jpg\" alt=\"Messer davor \" width=\"300\" height=\"199\" srcset=\"https:\/\/www.orfevrerie.ch\/site\/wp-content\/uploads\/2013\/04\/Vedrenne-Orfevrerie-10-300x199.jpg 300w, https:\/\/www.orfevrerie.ch\/site\/wp-content\/uploads\/2013\/04\/Vedrenne-Orfevrerie-10.jpg 1024w\" sizes=\"(max-width: 300px) 100vw, 300px\" \/><\/a><p id=\"caption-attachment-487\" class=\"wp-caption-text\">Messer davor<\/p><\/div>\n<div id=\"attachment_488\" style=\"width: 310px\" class=\"wp-caption alignnone\"><a href=\"http:\/\/www.orfevrerie.ch\/site\/wp-content\/uploads\/2013\/04\/Vedrenne-Orfevrerie-11.jpg\"><img aria-describedby=\"caption-attachment-488\" loading=\"lazy\" class=\"wp-image-488 size-medium\" src=\"http:\/\/www.orfevrerie.ch\/site\/wp-content\/uploads\/2013\/04\/Vedrenne-Orfevrerie-11-300x199.jpg\" alt=\"Messer danach\" width=\"300\" height=\"199\" srcset=\"https:\/\/www.orfevrerie.ch\/site\/wp-content\/uploads\/2013\/04\/Vedrenne-Orfevrerie-11-300x199.jpg 300w, https:\/\/www.orfevrerie.ch\/site\/wp-content\/uploads\/2013\/04\/Vedrenne-Orfevrerie-11.jpg 1024w\" sizes=\"(max-width: 300px) 100vw, 300px\" \/><\/a><p id=\"caption-attachment-488\" class=\"wp-caption-text\">Messer danach<\/p><\/div>\n<\/div>\n<div style=\"clear: both;\">\n<div id=\"attachment_489\" style=\"width: 310px\" class=\"wp-caption alignnone\"><a href=\"http:\/\/www.orfevrerie.ch\/site\/wp-content\/uploads\/2013\/04\/Vedrenne-Orfevrerie-12.jpg\"><img aria-describedby=\"caption-attachment-489\" loading=\"lazy\" class=\"wp-image-489 size-medium\" src=\"http:\/\/www.orfevrerie.ch\/site\/wp-content\/uploads\/2013\/04\/Vedrenne-Orfevrerie-12-300x199.jpg\" alt=\"Besteckgarnitur davor\" width=\"300\" height=\"199\" srcset=\"https:\/\/www.orfevrerie.ch\/site\/wp-content\/uploads\/2013\/04\/Vedrenne-Orfevrerie-12-300x199.jpg 300w, https:\/\/www.orfevrerie.ch\/site\/wp-content\/uploads\/2013\/04\/Vedrenne-Orfevrerie-12.jpg 1024w\" sizes=\"(max-width: 300px) 100vw, 300px\" \/><\/a><p id=\"caption-attachment-489\" class=\"wp-caption-text\">Besteckgarnitur davor<\/p><\/div>\n<div id=\"attachment_490\" style=\"width: 310px\" class=\"wp-caption alignnone\"><a href=\"http:\/\/www.orfevrerie.ch\/site\/wp-content\/uploads\/2013\/04\/Vedrenne-Orfevrerie-13.jpg\"><img aria-describedby=\"caption-attachment-490\" loading=\"lazy\" class=\"wp-image-490 size-medium\" src=\"http:\/\/www.orfevrerie.ch\/site\/wp-content\/uploads\/2013\/04\/Vedrenne-Orfevrerie-13-300x199.jpg\" alt=\"Besteckgarnitur danach\" width=\"300\" height=\"199\" srcset=\"https:\/\/www.orfevrerie.ch\/site\/wp-content\/uploads\/2013\/04\/Vedrenne-Orfevrerie-13-300x199.jpg 300w, https:\/\/www.orfevrerie.ch\/site\/wp-content\/uploads\/2013\/04\/Vedrenne-Orfevrerie-13.jpg 1024w\" sizes=\"(max-width: 300px) 100vw, 300px\" \/><\/a><p id=\"caption-attachment-490\" class=\"wp-caption-text\">Besteckgarnitur danach<\/p><\/div>\n<\/div>\n<div style=\"clear: both;\">\n<div id=\"attachment_491\" style=\"width: 310px\" class=\"wp-caption alignnone\"><a href=\"http:\/\/www.orfevrerie.ch\/site\/wp-content\/uploads\/2013\/04\/Vedrenne-Orfevrerie-14.jpg\"><img aria-describedby=\"caption-attachment-491\" loading=\"lazy\" class=\"wp-image-491 size-medium\" src=\"http:\/\/www.orfevrerie.ch\/site\/wp-content\/uploads\/2013\/04\/Vedrenne-Orfevrerie-14-300x225.jpg\" alt=\"Teekanne davor\" width=\"300\" height=\"225\" srcset=\"https:\/\/www.orfevrerie.ch\/site\/wp-content\/uploads\/2013\/04\/Vedrenne-Orfevrerie-14-300x225.jpg 300w, https:\/\/www.orfevrerie.ch\/site\/wp-content\/uploads\/2013\/04\/Vedrenne-Orfevrerie-14.jpg 1024w\" sizes=\"(max-width: 300px) 100vw, 300px\" \/><\/a><p id=\"caption-attachment-491\" class=\"wp-caption-text\">Teekanne davor<\/p><\/div>\n<div id=\"attachment_492\" style=\"width: 310px\" class=\"wp-caption alignnone\"><a href=\"http:\/\/www.orfevrerie.ch\/site\/wp-content\/uploads\/2013\/04\/Vedrenne-Orfevrerie-15.jpg\"><img aria-describedby=\"caption-attachment-492\" loading=\"lazy\" class=\"wp-image-492 size-medium\" src=\"http:\/\/www.orfevrerie.ch\/site\/wp-content\/uploads\/2013\/04\/Vedrenne-Orfevrerie-15-300x225.jpg\" alt=\"Teekanne danach\" width=\"300\" height=\"225\" srcset=\"https:\/\/www.orfevrerie.ch\/site\/wp-content\/uploads\/2013\/04\/Vedrenne-Orfevrerie-15-300x225.jpg 300w, https:\/\/www.orfevrerie.ch\/site\/wp-content\/uploads\/2013\/04\/Vedrenne-Orfevrerie-15.jpg 1024w\" sizes=\"(max-width: 300px) 100vw, 300px\" \/><\/a><p id=\"caption-attachment-492\" class=\"wp-caption-text\">Teekanne danach<\/p><\/div>\n<\/div>\n<div style=\"clear: both;\">\n<div id=\"attachment_493\" style=\"width: 310px\" class=\"wp-caption alignnone\"><a href=\"http:\/\/www.orfevrerie.ch\/site\/wp-content\/uploads\/2013\/04\/Vedrenne-Orfevrerie-16.jpg\"><img aria-describedby=\"caption-attachment-493\" loading=\"lazy\" class=\"wp-image-493 size-medium\" src=\"http:\/\/www.orfevrerie.ch\/site\/wp-content\/uploads\/2013\/04\/Vedrenne-Orfevrerie-16-300x199.jpg\" alt=\"Kessel davor\" width=\"300\" height=\"199\" srcset=\"https:\/\/www.orfevrerie.ch\/site\/wp-content\/uploads\/2013\/04\/Vedrenne-Orfevrerie-16-300x199.jpg 300w, https:\/\/www.orfevrerie.ch\/site\/wp-content\/uploads\/2013\/04\/Vedrenne-Orfevrerie-16.jpg 1024w\" sizes=\"(max-width: 300px) 100vw, 300px\" \/><\/a><p id=\"caption-attachment-493\" class=\"wp-caption-text\">Kessel davor<\/p><\/div>\n<div id=\"attachment_494\" style=\"width: 310px\" class=\"wp-caption alignnone\"><a href=\"http:\/\/www.orfevrerie.ch\/site\/wp-content\/uploads\/2013\/04\/Vedrenne-Orfevrerie-17.jpg\"><img aria-describedby=\"caption-attachment-494\" loading=\"lazy\" class=\"wp-image-494 size-medium\" src=\"http:\/\/www.orfevrerie.ch\/site\/wp-content\/uploads\/2013\/04\/Vedrenne-Orfevrerie-17-300x199.jpg\" alt=\"Kessel danach\" width=\"300\" height=\"199\" srcset=\"https:\/\/www.orfevrerie.ch\/site\/wp-content\/uploads\/2013\/04\/Vedrenne-Orfevrerie-17-300x199.jpg 300w, https:\/\/www.orfevrerie.ch\/site\/wp-content\/uploads\/2013\/04\/Vedrenne-Orfevrerie-17.jpg 1024w\" sizes=\"(max-width: 300px) 100vw, 300px\" \/><\/a><p id=\"caption-attachment-494\" class=\"wp-caption-text\">Kessel danach<\/p><\/div>\n<\/div>\n<div id=\"avantapres\">\n<div style=\"margin-top:10px;margin-bottom:10px;\" class=\"separator\"><\/div>\n<h2>Polieren von Uhrteilen<\/h2>\n\n\t\t<style type=\"text\/css\">\n\t\t\t#gallery-1 {\n\t\t\t\tmargin: auto;\n\t\t\t}\n\t\t\t#gallery-1 .gallery-item {\n\t\t\t\tfloat: left;\n\t\t\t\tmargin-top: 10px;\n\t\t\t\ttext-align: center;\n\t\t\t\twidth: 25%;\n\t\t\t}\n\t\t\t#gallery-1 img {\n\t\t\t\tborder: 2px solid #cfcfcf;\n\t\t\t}\n\t\t\t#gallery-1 .gallery-caption {\n\t\t\t\tmargin-left: 0;\n\t\t\t}\n\t\t\t\/* see gallery_shortcode() in wp-includes\/media.php *\/\n\t\t<\/style>\n\t\t<div id='gallery-1' class='gallery galleryid-848 gallery-columns-4 gallery-size-thumbnail'><dl class='gallery-item'>\n\t\t\t<dt class='gallery-icon landscape'>\n\t\t\t\t<a href='https:\/\/www.orfevrerie.ch\/site\/wp-content\/uploads\/2013\/04\/Vedrenne-Orfevrerie-18.jpg'><img width=\"150\" height=\"150\" src=\"https:\/\/www.orfevrerie.ch\/site\/wp-content\/uploads\/2013\/04\/Vedrenne-Orfevrerie-18-150x150.jpg\" class=\"attachment-thumbnail size-thumbnail\" alt=\"\" loading=\"lazy\" aria-describedby=\"gallery-1-925\" srcset=\"https:\/\/www.orfevrerie.ch\/site\/wp-content\/uploads\/2013\/04\/Vedrenne-Orfevrerie-18-150x150.jpg 150w, https:\/\/www.orfevrerie.ch\/site\/wp-content\/uploads\/2013\/04\/Vedrenne-Orfevrerie-18-220x220.jpg 220w, https:\/\/www.orfevrerie.ch\/site\/wp-content\/uploads\/2013\/04\/Vedrenne-Orfevrerie-18-250x250.jpg 250w, https:\/\/www.orfevrerie.ch\/site\/wp-content\/uploads\/2013\/04\/Vedrenne-Orfevrerie-18-338x338.jpg 338w\" sizes=\"(max-width: 150px) 100vw, 150px\" \/><\/a>\n\t\t\t<\/dt>\n\t\t\t\t<dd class='wp-caption-text gallery-caption' id='gallery-1-925'>\n\t\t\t\tPolieren\n\t\t\t\t<\/dd><\/dl><dl class='gallery-item'>\n\t\t\t<dt class='gallery-icon landscape'>\n\t\t\t\t<a href='https:\/\/www.orfevrerie.ch\/site\/wp-content\/uploads\/2013\/04\/Vedrenne-Orfevrerie-19.jpg'><img width=\"150\" height=\"150\" src=\"https:\/\/www.orfevrerie.ch\/site\/wp-content\/uploads\/2013\/04\/Vedrenne-Orfevrerie-19-150x150.jpg\" class=\"attachment-thumbnail size-thumbnail\" alt=\"\" loading=\"lazy\" aria-describedby=\"gallery-1-926\" srcset=\"https:\/\/www.orfevrerie.ch\/site\/wp-content\/uploads\/2013\/04\/Vedrenne-Orfevrerie-19-150x150.jpg 150w, https:\/\/www.orfevrerie.ch\/site\/wp-content\/uploads\/2013\/04\/Vedrenne-Orfevrerie-19-220x220.jpg 220w, https:\/\/www.orfevrerie.ch\/site\/wp-content\/uploads\/2013\/04\/Vedrenne-Orfevrerie-19-250x250.jpg 250w, https:\/\/www.orfevrerie.ch\/site\/wp-content\/uploads\/2013\/04\/Vedrenne-Orfevrerie-19-338x338.jpg 338w\" sizes=\"(max-width: 150px) 100vw, 150px\" \/><\/a>\n\t\t\t<\/dt>\n\t\t\t\t<dd class='wp-caption-text gallery-caption' id='gallery-1-926'>\n\t\t\t\tPolieren\n\t\t\t\t<\/dd><\/dl><dl class='gallery-item'>\n\t\t\t<dt class='gallery-icon landscape'>\n\t\t\t\t<a href='https:\/\/www.orfevrerie.ch\/site\/wp-content\/uploads\/2013\/04\/Vedrenne-Orfevrerie-20.jpg'><img width=\"150\" height=\"150\" src=\"https:\/\/www.orfevrerie.ch\/site\/wp-content\/uploads\/2013\/04\/Vedrenne-Orfevrerie-20-150x150.jpg\" class=\"attachment-thumbnail size-thumbnail\" alt=\"\" loading=\"lazy\" aria-describedby=\"gallery-1-927\" srcset=\"https:\/\/www.orfevrerie.ch\/site\/wp-content\/uploads\/2013\/04\/Vedrenne-Orfevrerie-20-150x150.jpg 150w, https:\/\/www.orfevrerie.ch\/site\/wp-content\/uploads\/2013\/04\/Vedrenne-Orfevrerie-20-220x220.jpg 220w, https:\/\/www.orfevrerie.ch\/site\/wp-content\/uploads\/2013\/04\/Vedrenne-Orfevrerie-20-250x250.jpg 250w, https:\/\/www.orfevrerie.ch\/site\/wp-content\/uploads\/2013\/04\/Vedrenne-Orfevrerie-20-338x338.jpg 338w\" sizes=\"(max-width: 150px) 100vw, 150px\" \/><\/a>\n\t\t\t<\/dt>\n\t\t\t\t<dd class='wp-caption-text gallery-caption' id='gallery-1-927'>\n\t\t\t\tPolieren\n\t\t\t\t<\/dd><\/dl><dl class='gallery-item'>\n\t\t\t<dt class='gallery-icon landscape'>\n\t\t\t\t<a href='https:\/\/www.orfevrerie.ch\/site\/wp-content\/uploads\/2013\/04\/Vedrenne-Orfevrerie-21.jpg'><img width=\"150\" height=\"150\" src=\"https:\/\/www.orfevrerie.ch\/site\/wp-content\/uploads\/2013\/04\/Vedrenne-Orfevrerie-21-150x150.jpg\" class=\"attachment-thumbnail size-thumbnail\" alt=\"\" loading=\"lazy\" aria-describedby=\"gallery-1-928\" srcset=\"https:\/\/www.orfevrerie.ch\/site\/wp-content\/uploads\/2013\/04\/Vedrenne-Orfevrerie-21-150x150.jpg 150w, https:\/\/www.orfevrerie.ch\/site\/wp-content\/uploads\/2013\/04\/Vedrenne-Orfevrerie-21-220x220.jpg 220w, https:\/\/www.orfevrerie.ch\/site\/wp-content\/uploads\/2013\/04\/Vedrenne-Orfevrerie-21-250x250.jpg 250w, https:\/\/www.orfevrerie.ch\/site\/wp-content\/uploads\/2013\/04\/Vedrenne-Orfevrerie-21-338x338.jpg 338w\" sizes=\"(max-width: 150px) 100vw, 150px\" \/><\/a>\n\t\t\t<\/dt>\n\t\t\t\t<dd class='wp-caption-text gallery-caption' id='gallery-1-928'>\n\t\t\t\tErgebnisansicht\n\t\t\t\t<\/dd><\/dl><br style=\"clear: both\" \/>\n\t\t<\/div>\n\n<div>\n<div style=\"clear: both;\">\n<div style=\"margin-top:10px;margin-bottom:10px;\" class=\"separator\"><\/div>\n<h4>Video<\/h4>\n<p><iframe src=\"\/\/www.youtube.com\/embed\/lvbAzjh5ZZM?rel=0\" width=\"560\" height=\"315\" frameborder=\"0\" allowfullscreen=\"allowfullscreen\"><\/iframe><\/p>\n<div style=\"margin-top:10px;margin-bottom:10px;\" class=\"separator\"><\/div>\n<\/div>\n<\/div>\n<\/div>\n<\/div>\n","protected":false},"excerpt":{"rendered":"<p>Restaurierung und Reparatur Polieren von Uhrteilen Video<\/p>\n","protected":false},"author":1,"featured_media":0,"parent":0,"menu_order":5,"comment_status":"closed","ping_status":"closed","template":"","meta":[],"yoast_head":"<!-- This site is optimized with the Yoast SEO plugin v15.9.2 - https:\/\/yoast.com\/wordpress\/plugins\/seo\/ -->\n<title>PHOTOS - Restauration et polissage | Vedrenne Orf\u00e8vrerie<\/title>\n<meta name=\"description\" content=\"Photos - Restauration, r\u00e9novation et r\u00e9paration d&#039;orf\u00e8vrerie. Polissage de pi\u00e8ces d&#039;horlogerie.\" \/>\n<meta name=\"robots\" content=\"index, follow, max-snippet:-1, max-image-preview:large, max-video-preview:-1\" \/>\n<link rel=\"canonical\" href=\"https:\/\/www.orfevrerie.ch\/de\/fotos\/\" \/>\n<meta property=\"og:locale\" content=\"de_DE\" \/>\n<meta property=\"og:type\" content=\"article\" \/>\n<meta property=\"og:title\" content=\"PHOTOS - Restauration et polissage | Vedrenne Orf\u00e8vrerie\" \/>\n<meta property=\"og:description\" content=\"Photos - Restauration, r\u00e9novation et r\u00e9paration d&#039;orf\u00e8vrerie. Polissage de pi\u00e8ces d&#039;horlogerie.\" \/>\n<meta property=\"og:url\" content=\"https:\/\/www.orfevrerie.ch\/de\/fotos\/\" \/>\n<meta property=\"og:site_name\" content=\"Vedrenne Orf\u00e8vrerie\" \/>\n<meta property=\"article:modified_time\" content=\"2015-06-01T14:56:11+00:00\" \/>\n<meta property=\"og:image\" content=\"https:\/\/www.orfevrerie.ch\/site\/wp-content\/uploads\/2013\/04\/Vedrenne-Orfevrerie-18-150x150.jpg\" \/>\n<meta name=\"twitter:label1\" content=\"Gesch\u00e4tzte Lesezeit\">\n\t<meta name=\"twitter:data1\" content=\"1 Minute\">\n<script type=\"application\/ld+json\" class=\"yoast-schema-graph\">{\"@context\":\"https:\/\/schema.org\",\"@graph\":[{\"@type\":\"WebSite\",\"@id\":\"https:\/\/www.orfevrerie.ch\/#website\",\"url\":\"https:\/\/www.orfevrerie.ch\/\",\"name\":\"Vedrenne Orf\\u00e8vrerie\",\"description\":\"Artisan orf\\u00e8vre \\u00e0 Gen\\u00e8ve\",\"potentialAction\":[{\"@type\":\"SearchAction\",\"target\":\"https:\/\/www.orfevrerie.ch\/?s={search_term_string}\",\"query-input\":\"required name=search_term_string\"}],\"inLanguage\":\"de-DE\"},{\"@type\":\"ImageObject\",\"@id\":\"https:\/\/www.orfevrerie.ch\/de\/fotos\/#primaryimage\",\"inLanguage\":\"de-DE\",\"url\":\"http:\/\/www.orfevrerie.ch\/site\/wp-content\/uploads\/2013\/04\/Vedrenne-Orfevrerie-01-300x199.jpg\"},{\"@type\":\"WebPage\",\"@id\":\"https:\/\/www.orfevrerie.ch\/de\/fotos\/#webpage\",\"url\":\"https:\/\/www.orfevrerie.ch\/de\/fotos\/\",\"name\":\"PHOTOS - Restauration et polissage | Vedrenne Orf\\u00e8vrerie\",\"isPartOf\":{\"@id\":\"https:\/\/www.orfevrerie.ch\/#website\"},\"primaryImageOfPage\":{\"@id\":\"https:\/\/www.orfevrerie.ch\/de\/fotos\/#primaryimage\"},\"datePublished\":\"2013-04-08T08:44:15+00:00\",\"dateModified\":\"2015-06-01T14:56:11+00:00\",\"description\":\"Photos - Restauration, r\\u00e9novation et r\\u00e9paration d'orf\\u00e8vrerie. Polissage de pi\\u00e8ces d'horlogerie.\",\"breadcrumb\":{\"@id\":\"https:\/\/www.orfevrerie.ch\/de\/fotos\/#breadcrumb\"},\"inLanguage\":\"de-DE\",\"potentialAction\":[{\"@type\":\"ReadAction\",\"target\":[\"https:\/\/www.orfevrerie.ch\/de\/fotos\/\"]}]},{\"@type\":\"BreadcrumbList\",\"@id\":\"https:\/\/www.orfevrerie.ch\/de\/fotos\/#breadcrumb\",\"itemListElement\":[{\"@type\":\"ListItem\",\"position\":1,\"item\":{\"@type\":\"WebPage\",\"@id\":\"https:\/\/www.orfevrerie.ch\/de\/\",\"url\":\"https:\/\/www.orfevrerie.ch\/de\/\",\"name\":\"Home\"}},{\"@type\":\"ListItem\",\"position\":2,\"item\":{\"@type\":\"WebPage\",\"@id\":\"https:\/\/www.orfevrerie.ch\/de\/fotos\/\",\"url\":\"https:\/\/www.orfevrerie.ch\/de\/fotos\/\",\"name\":\"FOTOS\"}}]}]}<\/script>\n<!-- \/ Yoast SEO plugin. -->","_links":{"self":[{"href":"https:\/\/www.orfevrerie.ch\/de\/wp-json\/wp\/v2\/pages\/848"}],"collection":[{"href":"https:\/\/www.orfevrerie.ch\/de\/wp-json\/wp\/v2\/pages"}],"about":[{"href":"https:\/\/www.orfevrerie.ch\/de\/wp-json\/wp\/v2\/types\/page"}],"author":[{"embeddable":true,"href":"https:\/\/www.orfevrerie.ch\/de\/wp-json\/wp\/v2\/users\/1"}],"replies":[{"embeddable":true,"href":"https:\/\/www.orfevrerie.ch\/de\/wp-json\/wp\/v2\/comments?post=848"}],"version-history":[{"count":9,"href":"https:\/\/www.orfevrerie.ch\/de\/wp-json\/wp\/v2\/pages\/848\/revisions"}],"predecessor-version":[{"id":871,"href":"https:\/\/www.orfevrerie.ch\/de\/wp-json\/wp\/v2\/pages\/848\/revisions\/871"}],"wp:attachment":[{"href":"https:\/\/www.orfevrerie.ch\/de\/wp-json\/wp\/v2\/media?parent=848"}],"curies":[{"name":"wp","href":"https:\/\/api.w.org\/{rel}","templated":true}]}}